{"id":6,"date":"2015-01-29T19:45:10","date_gmt":"2015-01-29T19:45:10","guid":{"rendered":"http:\/\/privatpraxis-dr-oelsner.de.w012dbbd.kasserver.com\/?page_id=6"},"modified":"2025-05-05T07:40:06","modified_gmt":"2025-05-05T07:40:06","slug":"ueber-uns","status":"publish","type":"page","link":"https:\/\/privatpraxis-dr-oelsner.de\/?page_id=6","title":{"rendered":"\u00dcber mich"},"content":{"rendered":"<p style=\"text-align: right;\"><small><a href=\"http:\/\/privatpraxis-dr-oelsner.de.w012dbbd.kasserver.com\/\">Startseite<\/a><\/small><\/p>\n<p><span style=\"font-size: large;\"><span style=\"color: #999999;\"><span style=\"color: #800000;\"><span style=\"text-decoration: underline;\">Akademisch <a href=\"https:\/\/privatpraxis-dr-oelsner.de\/wp-content\/uploads\/2015\/01\/sven.jpg\"><img loading=\"lazy\" decoding=\"async\" class=\"size-full wp-image-135 alignright\" src=\"https:\/\/privatpraxis-dr-oelsner.de\/wp-content\/uploads\/2015\/01\/sven.jpg\" alt=\"\" width=\"500\" height=\"169\" \/><\/a><\/span><\/span><br \/>\n<\/span><\/span><\/p>\n<p style=\"padding-left: 30px;\"><strong>Oktober 1996<\/strong><\/p>\n<p style=\"padding-left: 30px;\">Studium der Psychologie an der Universit\u00e4t Potsdam<\/p>\n<p style=\"padding-left: 30px;\"><strong>April 1997<\/strong><\/p>\n<p style=\"padding-left: 30px;\">Studium der Psychologie an der Universit\u00e4t Osnabr\u00fcck<\/p>\n<p style=\"padding-left: 30px;\"><strong>Oktober 1997<\/strong><\/p>\n<p style=\"padding-left: 30px;\">Studium der Psychologie an der Friedrich Schiller Universit\u00e4t Jena<\/p>\n<p style=\"padding-left: 30px;\"><strong>Dezember 2003<\/strong><\/p>\n<p style=\"padding-left: 30px;\">Diplom Psychologie an der FSU Jena mit einer Diplomarbeit mit dem Titel:<\/p>\n<p style=\"padding-left: 30px;\"><em>\u201c<small><a href=\"http:\/\/www.db-thueringen.de\/servlets\/DerivateServlet\/Derivate-2922\/Oelsner.pdf\">Gedankenlesen? Eine Studie zur Erfassung der Trainingsabh\u00e4ngigkeit der Ordnungsbildung im Denken mithilfe der EEG-Koh\u00e4renzanalyse, der Bestimmung von Mikrozust\u00e4nden des Denkaktes und des sich aus deren Sequenz ergebenden Entropieabbaus<\/a><\/small>\u201c<\/em><\/p>\n<p style=\"padding-left: 30px;\"><strong>Januar 2004<\/strong><\/p>\n<p style=\"padding-left: 30px;\">Wissenschaftlicher Mitarbeiter in der Nachwuchsgruppe <small><a href=\"http:\/\/gepris.dfg.de\/gepris\/projekt\/5376521\"><em>\u201eMentale Repr\u00e4sentation sozialer Kategorien: Kognitive Faktoren der Stereotypenbildung und Intergruppenbewertung\u201c<\/em><\/a><br \/>\n<\/small><\/p>\n<p style=\"padding-left: 30px;\">an der FSU Jena<\/p>\n<p style=\"padding-left: 30px;\">Mitglied der Forschergruppe <a href=\"http:\/\/gepris.dfg.de\/gepris\/projekt\/5469624\"><small><em>\u201cDiscrimination and Tolerance in Intergroup Relations\u201d<\/em><\/small><\/a><\/p>\n<p style=\"padding-left: 30px;\"><strong>April 2008<\/strong><\/p>\n<p style=\"padding-left: 30px;\"><a href=\"https:\/\/www.sozpsy.uni-jena.de\/\">Wissenschaftlicher Mitarbeiter am Lehrstuhl Sozialpsychologie<\/a><\/p>\n<p style=\"padding-left: 30px;\"><strong>Februar 2010<\/strong><\/p>\n<p style=\"padding-left: 30px;\">Promotion zum Dr. phil. mit einer Arbeit mit dem Titel:<\/p>\n<p style=\"padding-left: 30px;\"><small><em>\u201c<a href=\"http:\/\/www.db-thueringen.de\/servlets\/DerivateServlet\/Derivate-21048\/Oelsner\/Dissertation.pdf\">Encoding of and memory for expectancy congruent and incongruent information \u2013 Structural and process characteristics<\/a>\u201c<\/em><\/small><\/p>\n<p><span style=\"text-decoration: underline;\"><span style=\"color: #993300;\"><span style=\"font-size: large;\">Praktisch:<\/span><\/span><\/span><\/p>\n<p style=\"padding-left: 30px;\"><strong>M\u00e4rz 2011<br \/>\n<\/strong><\/p>\n<p style=\"padding-left: 30px;\">Psychotherapeutische T\u00e4tigkeit (Verhaltenstherapie) an der Psychosomatischen Rehabilitationsklinik &#8222;<a href=\"http:\/\/www.klinik-bergfried.de\/\" target=\"_blank\" rel=\"noopener noreferrer\"><em>Bergfried<\/em><\/a>&#8220; in Saalfeld<\/p>\n<p style=\"padding-left: 30px;\"><strong>August 2012<\/strong><\/p>\n<p style=\"padding-left: 30px;\">Neuropsychologische T\u00e4tigkeit im <a href=\"https:\/\/www.median-kliniken.de\/de\/median-saale-klinik-bad-koesen-klinik-i\/\">Bereich neurologisch-neurochirurgische Rehabilitation<\/a> des Saale-Rehaklinikums-II in Bad K\u00f6sen<\/p>\n<p style=\"padding-left: 30px;\"><strong>Februar 2013<\/strong><\/p>\n<p style=\"padding-left: 30px;\">Leitung der Abteilung Neuropsychologie\/Logop\u00e4die des Saale-Rehaklinikums-II in Bad K\u00f6sen<\/p>\n<p style=\"padding-left: 30px;\"><span style=\"color: #ff9900;\"><strong>Seit Januar 2015<\/strong><\/span><\/p>\n<p style=\"padding-left: 30px;\">Niederlassung in Privatpraxis in Naumburg und Jena<\/p>\n<p style=\"padding-left: 30px;\"><strong>Seit Juni 2023\u00a0<\/strong><\/p>\n<p style=\"padding-left: 30px;\">Leitung der Abteilung Psychologie der <a href=\"https:\/\/www.sophien-klinik.de\/\">Sophienklink Bad Sulza<\/a><\/p>\n<p><strong>\u00a0\u00a0\u00a0\u00a0\u00a0 <\/strong><\/p>\n<p style=\"padding-left: 30px;\">\n","protected":false},"excerpt":{"rendered":"<p>Startseite Akademisch Oktober 1996 Studium der Psychologie an der Universit\u00e4t Potsdam April 1997 Studium der Psychologie an der Universit\u00e4t Osnabr\u00fcck Oktober 1997 Studium der Psychologie an der Friedrich Schiller Universit\u00e4t Jena Dezember 2003 Diplom Psychologie an der FSU Jena mit einer Diplomarbeit mit dem Titel: \u201cGedankenlesen? Eine Studie zur Erfassung der Trainingsabh\u00e4ngigkeit der Ordnungsbildung im<a class=\"read-more \" href=\"https:\/\/privatpraxis-dr-oelsner.de\/?page_id=6\" title=\"Read More\"> <span class=\"button default\">Read More<\/span><\/a><\/p>\n","protected":false},"author":1,"featured_media":0,"parent":0,"menu_order":2,"comment_status":"closed","ping_status":"closed","template":"","meta":{"footnotes":""},"class_list":["post-6","page","type-page","status-publish","hentry"],"_links":{"self":[{"href":"https:\/\/privatpraxis-dr-oelsner.de\/index.php?rest_route=\/wp\/v2\/pages\/6","targetHints":{"allow":["GET"]}}],"collection":[{"href":"https:\/\/privatpraxis-dr-oelsner.de\/index.php?rest_route=\/wp\/v2\/pages"}],"about":[{"href":"https:\/\/privatpraxis-dr-oelsner.de\/index.php?rest_route=\/wp\/v2\/types\/page"}],"author":[{"embeddable":true,"href":"https:\/\/privatpraxis-dr-oelsner.de\/index.php?rest_route=\/wp\/v2\/users\/1"}],"replies":[{"embeddable":true,"href":"https:\/\/privatpraxis-dr-oelsner.de\/index.php?rest_route=%2Fwp%2Fv2%2Fcomments&post=6"}],"version-history":[{"count":32,"href":"https:\/\/privatpraxis-dr-oelsner.de\/index.php?rest_route=\/wp\/v2\/pages\/6\/revisions"}],"predecessor-version":[{"id":691,"href":"https:\/\/privatpraxis-dr-oelsner.de\/index.php?rest_route=\/wp\/v2\/pages\/6\/revisions\/691"}],"wp:attachment":[{"href":"https:\/\/privatpraxis-dr-oelsner.de\/index.php?rest_route=%2Fwp%2Fv2%2Fmedia&parent=6"}],"curies":[{"name":"wp","href":"https:\/\/api.w.org\/{rel}","templated":true}]}}