{"id":483,"date":"2020-11-10T07:06:56","date_gmt":"2020-11-10T07:06:56","guid":{"rendered":"http:\/\/privatpraxis-dr-oelsner.de\/?page_id=483"},"modified":"2025-05-12T13:57:30","modified_gmt":"2025-05-12T13:57:30","slug":"corona-covid-19","status":"publish","type":"page","link":"https:\/\/privatpraxis-dr-oelsner.de\/?page_id=483","title":{"rendered":"Telefon- und Videosprechstunde"},"content":{"rendered":"<div class=\"wp-block-image is-style-default\">\n<figure class=\"alignright size-medium\"><a href=\"https:\/\/privatpraxis-dr-oelsner.de\/wp-content\/uploads\/2021\/10\/dylan-ferreira-HJmxky8Fvmo-unsplash-scaled.jpg\"><img loading=\"lazy\" decoding=\"async\" width=\"300\" height=\"240\" src=\"https:\/\/privatpraxis-dr-oelsner.de\/wp-content\/uploads\/2021\/10\/dylan-ferreira-HJmxky8Fvmo-unsplash-300x240.jpg\" alt=\"\" class=\"wp-image-554\" srcset=\"https:\/\/privatpraxis-dr-oelsner.de\/wp-content\/uploads\/2021\/10\/dylan-ferreira-HJmxky8Fvmo-unsplash-300x240.jpg 300w, https:\/\/privatpraxis-dr-oelsner.de\/wp-content\/uploads\/2021\/10\/dylan-ferreira-HJmxky8Fvmo-unsplash-1024x819.jpg 1024w, https:\/\/privatpraxis-dr-oelsner.de\/wp-content\/uploads\/2021\/10\/dylan-ferreira-HJmxky8Fvmo-unsplash-768x614.jpg 768w, https:\/\/privatpraxis-dr-oelsner.de\/wp-content\/uploads\/2021\/10\/dylan-ferreira-HJmxky8Fvmo-unsplash-1536x1229.jpg 1536w, https:\/\/privatpraxis-dr-oelsner.de\/wp-content\/uploads\/2021\/10\/dylan-ferreira-HJmxky8Fvmo-unsplash-2048x1638.jpg 2048w\" sizes=\"auto, (max-width: 300px) 100vw, 300px\" \/><\/a><figcaption class=\"wp-element-caption\"><sup>Photo by <a href=\"https:\/\/unsplash.com\/@dylanferreira?utm_source=unsplash&amp;utm_medium=referral&amp;utm_content=creditCopyText\">Dylan Ferreira<\/a> on <a href=\"https:\/\/unsplash.com\/s\/photos\/zoom-conference?utm_source=unsplash&amp;utm_medium=referral&amp;utm_content=creditCopyText\">Unsplash<\/a><\/sup><\/figcaption><\/figure>\n<\/div>\n\n\n<p>Therapiegespr\u00e4che k\u00f6nnen auch per Telefon und per Videokonferenz gef\u00fchrt werden.<\/p>\n\n\n\n<p>Gerade bei langen Anfahrtswegen k\u00f6nnen telemedizinische Leistungen eine sinnvolle Hilfe sein, so wie die Videosprechstunde. \u00c4rzte und Psychotherapeuten k\u00f6nnen ihren Patientinnen und Patienten dabei ein psychotherapeutisches Gespr\u00e4ch f\u00fchren. So m\u00fcssen Patientinnen und Patienten nicht f\u00fcr jeden Termin in die Praxis kommen.<\/p>\n\n\n\n<p>Dabei ist die Organisation denkbar einfach: Der Arzt oder Psychotherapeut w\u00e4hlt einen zertifizierten Videodienstanbieter aus, der f\u00fcr einen reibungslosen und sicheren technischen Ablauf der Videosprechstunde sorgt. Praxis und Patient ben\u00f6tigen im Wesentlichen einen Bildschirm mit Kamera, Mikrofon und Lautsprecher sowie eine Internetverbindung. <strong>Ein Handy oder ein Tablet ist meist ausreichend.<\/strong> Eine zus\u00e4tzliche Software ist nicht erforderlich. <\/p>\n\n\n\n<figure class=\"wp-block-image size-full\"><a href=\"https:\/\/software-psychotherapie.de\/sichere-videotermine\/\"><img loading=\"lazy\" decoding=\"async\" width=\"220\" height=\"71\" src=\"https:\/\/privatpraxis-dr-oelsner.de\/wp-content\/uploads\/2025\/05\/Sichere-Videotermine-Datenschutz-Siegel.png\" alt=\"\" class=\"wp-image-692\"\/><\/a><\/figure>\n\n\n\n<p><\/p>\n","protected":false},"excerpt":{"rendered":"<p>Therapiegespr\u00e4che k\u00f6nnen auch per Telefon und per Videokonferenz gef\u00fchrt werden. Gerade bei langen Anfahrtswegen k\u00f6nnen telemedizinische Leistungen eine sinnvolle Hilfe sein, so wie die Videosprechstunde. \u00c4rzte und Psychotherapeuten k\u00f6nnen ihren Patientinnen und Patienten dabei ein psychotherapeutisches Gespr\u00e4ch f\u00fchren. So m\u00fcssen Patientinnen und Patienten nicht f\u00fcr jeden Termin in die Praxis kommen. Dabei ist die Organisation<a class=\"read-more \" href=\"https:\/\/privatpraxis-dr-oelsner.de\/?page_id=483\" title=\"Read More\"> <span class=\"button default\">Read More<\/span><\/a><\/p>\n","protected":false},"author":1,"featured_media":0,"parent":0,"menu_order":0,"comment_status":"closed","ping_status":"closed","template":"","meta":{"footnotes":""},"class_list":["post-483","page","type-page","status-publish","hentry"],"_links":{"self":[{"href":"https:\/\/privatpraxis-dr-oelsner.de\/index.php?rest_route=\/wp\/v2\/pages\/483","targetHints":{"allow":["GET"]}}],"collection":[{"href":"https:\/\/privatpraxis-dr-oelsner.de\/index.php?rest_route=\/wp\/v2\/pages"}],"about":[{"href":"https:\/\/privatpraxis-dr-oelsner.de\/index.php?rest_route=\/wp\/v2\/types\/page"}],"author":[{"embeddable":true,"href":"https:\/\/privatpraxis-dr-oelsner.de\/index.php?rest_route=\/wp\/v2\/users\/1"}],"replies":[{"embeddable":true,"href":"https:\/\/privatpraxis-dr-oelsner.de\/index.php?rest_route=%2Fwp%2Fv2%2Fcomments&post=483"}],"version-history":[{"count":10,"href":"https:\/\/privatpraxis-dr-oelsner.de\/index.php?rest_route=\/wp\/v2\/pages\/483\/revisions"}],"predecessor-version":[{"id":696,"href":"https:\/\/privatpraxis-dr-oelsner.de\/index.php?rest_route=\/wp\/v2\/pages\/483\/revisions\/696"}],"wp:attachment":[{"href":"https:\/\/privatpraxis-dr-oelsner.de\/index.php?rest_route=%2Fwp%2Fv2%2Fmedia&parent=483"}],"curies":[{"name":"wp","href":"https:\/\/api.w.org\/{rel}","templated":true}]}}