{"id":376,"date":"2020-05-11T13:22:13","date_gmt":"2020-05-11T13:22:13","guid":{"rendered":"http:\/\/privatpraxis-dr-oelsner.de\/?page_id=376"},"modified":"2021-10-15T07:12:02","modified_gmt":"2021-10-15T07:12:02","slug":"impressum","status":"publish","type":"page","link":"https:\/\/privatpraxis-dr-oelsner.de\/?page_id=376","title":{"rendered":"Impressum"},"content":{"rendered":"\n<h2 class=\"wp-block-heading\">Verantwortlich<\/h2>\n\n\n\n<p>Dr. Sven Oelsner<\/p>\n\n\n\n<h2 class=\"wp-block-heading\" id=\"zust\u00e4ndige-aufsichtsbeh\u00f6rde\">Zust\u00e4ndige Aufsichtsbeh\u00f6rde<\/h2>\n\n\n\n<p>Ostdeutsche Psychotherapeutenkammer Kickerlingsberg 16, 04105 Leipzig <a href=\"https:\/\/www.opk-info.de\"><strong>www.opk-info.de<\/strong><\/a><\/p>\n\n\n\n<h2 class=\"wp-block-heading\" id=\"gesetzliche-berufsbezeichnung\">Gesetzliche Berufsbezeichnung<\/h2>\n\n\n\n<p>Psychologischer Psychotherapeut (Approbationsort und KV-Eintrag: Th\u00fcringen)<\/p>\n\n\n\n<h2 class=\"wp-block-heading\" id=\"berufsrechtliche-regelungen\">Berufsrechtliche Regelungen<\/h2>\n\n\n\n<p>Psychotherapeutengesetz <a href=\"https:\/\/www.gesetze-im-internet.de\/psychthg\/BJNR131110998.html\"><strong>PsychThG<\/strong><\/a><\/p>\n\n\n\n<p>Berufsordnung f\u00fcr die Psychologischen Psychotherapeuten und Kinder- und Jugendlichenpsychotherapeuten <a href=\"https:\/\/therapie-lindner.de\/files\/Berufsordnung-20141126.pdf\"><strong>BO-OPK<\/strong><\/a><\/p>\n\n\n\n<h2 class=\"wp-block-heading\" id=\"umsatzsteuer-identifikationsnummer\">Umsatzsteuer-Identifikationsnummer<\/h2>\n\n\n\n<p>Psychotherapeutische Leistungen sind als Heilkunde nach \u00a7 4 Nr. 14 UStG umsatzsteuerfrei. F\u00fcr Beratung und Coaching sowie f\u00fcr Seminare gilt die Steuernummer 162\/254\/13685.<\/p>\n\n\n\n<h2 class=\"wp-block-heading\" id=\"haftung-f\u00fcr-inhalte\">Haftung f\u00fcr Inhalte<\/h2>\n\n\n\n<p>Die Inhalte dieser Seiten wurden mit gr\u00f6\u00dfter Sorgfalt erstellt. F\u00fcr die Richtigkeit, Vollst\u00e4ndigkeit und Aktualit\u00e4t der Inhalte kann ich jedoch keine Gew\u00e4hr \u00fcbernehmen. Die hier angebotenen Informationen stellen keine Beratung oder Psychotherapie dar, sondern dienen lediglich zur Vorstellung des Therapeuten. Die Nutzung angebotener Leistungen sind erst im pers\u00f6nlichen Kontakt zum Therapeuten m\u00f6glich.<\/p>\n\n\n\n<p> <\/p>\n\n\n\n<h1 class=\"wp-block-heading\">Datenschutz<\/h1>\n\n\n\n<p>Datenschutzerkl\u00e4rung f\u00fcr Websitebetreiber<\/p>\n\n\n\n<p>Nach den Vorgaben der Datenschutzgrundverordnung (DSGVO-EU)<\/p>\n\n\n\n<ol class=\"wp-block-list\"><li>Name und Kontaktdaten des f\u00fcr die Verarbeitung Verantwortlichen<\/li><\/ol>\n\n\n\n<p>Diese Datenschutz-Information gilt f\u00fcr die Datenverarbeitung durch:<\/p>\n\n\n\n<p>Verantwortlicher: Privatpraxis Dr. Sven Oelsner Neustra\u00dfe 7 06618 Naumburg Deutschland E-Mail: Siehe Impressum lefon: 01791263196 Website: https:\/\/privatpraxis-dr-oelsner.de<\/p>\n\n\n\n<ol class=\"wp-block-list\"><li>Erhebung und Speicherung personenbezogener Daten sowie Art und Zweck von deren Verwendung<\/li><\/ol>\n\n\n\n<p>Wir erheben und verwenden personenbezogene Daten unserer Nutzer grunds\u00e4tzlich nur, soweit dies zur Bereitstellung einer funktionierenden Website sowie unserer Inhalte und Leistungen erforderlich ist. Die Erhebung und Verwendung personenbezogener Daten unserer Nutzer erfolgt regelm\u00e4\u00dfig nur nach Einwilligung des Nutzers. Eine Ausnahme gilt nur in den F\u00e4llen, in denen eine vorherige Einholung einer Einwilligung aus tats\u00e4chlichen Gr\u00fcnden nicht m\u00f6glich ist und die Verarbeitung der Daten durch gesetzliche Vorschriften gestattet ist.<\/p>\n\n\n\n<p>a) Bei einem Besuch der Website<\/p>\n\n\n\n<p>Beim Aufrufen unserer Website https:\/\/privatpraxis-dr-oelsner.de werden durch den auf Ihrem jeweiligen Endger\u00e4t zum Einsatz kommenden Browser automatisch Informationen an den Server unserer Website gesendet. Diese Informationen werden vor\u00fcbergehend in einem sog. Logfile gespeichert. Details finden Sie in der <a href=\"https:\/\/help.github.com\/articles\/github-privacy-statement\/\">Datenschutzerkl\u00e4rung<\/a> von GitHub. Wenn Sie sich einverstanden erkl\u00e4rt haben, die Anfahrskarte von Google Maps zu nutzen, gilt zus\u00e4tzlich die <a href=\"https:\/\/policies.google.com\/privacy?hl=de\">Datenschutzerkl\u00e4rung<\/a> von Google.<\/p>\n\n\n\n<p>Folgende Informationen werden dabei ohne Ihr Zutun erfasst und bis zur automatisierten L\u00f6schung gespeichert:<\/p>\n\n\n\n<p>\u2022 Uhrzeit und Datum des Zugriffs, \u2022 IP-Adresse des anfragenden Rechners, \u2022 Name und URL der abgerufenen Datei, \u2022 Website, von der aus der Zugriff erfolgt (Referrer-URL), \u2022 verwendeter Browser und ggf. das Betriebssystem Ihres Rechners sowie der Name Ihres Access-Providers.<\/p>\n\n\n\n<p>Die genannten Daten werden zu dem folgenden Zwecken durch uns verarbeitet:<\/p>\n\n\n\n<p>\u2022 Gew\u00e4hrleistung eines reibungslosen Verbindungsaufbaus der Website, \u2022 Gew\u00e4hrleistung einer komfortablen Nutzung unserer Website, \u2022 Auswertung der Systemsicherheit und -stabilit\u00e4t sowie \u2022 zu weiteren administrativen Zwecken.<\/p>\n\n\n\n<p>Die Rechtsgrundlage f\u00fcr die Datenverarbeitung ist Art. 6 Abs. 1 S. 1 lit. f DSGVO. Unser berechtigtes Interesse folgt aus den vorgenannten, oben aufgelisteten Zwecken zur Datenerhebung. In keinem Fall verwenden wir die erhobenen Daten zu dem Zweck, R\u00fcckschl\u00fcsse auf Ihre Person zu ziehen.<\/p>\n\n\n\n<p>Dar\u00fcber hinaus setzen wir beim Besuch unserer Website keine Cookies sowie Analysedienste ein.<\/p>\n\n\n\n<p>Alternativ ist eine Kontaktaufnahme \u00fcber die auf unserer Website bereitgestellte Praxis-E-Mail-Adresse m\u00f6glich. In diesem Fall werden die mit der E-Mail \u00fcbermittelten personenbezogenen Daten des Nutzers gespeichert.<\/p>\n\n\n\n<p>Es erfolgt in diesem Zusammenhang keine Weitergabe der Daten an Dritte. Die Daten werden ausschlie\u00dflich f\u00fcr die Verarbeitung der Kommunikation verwendet. Die Datenverarbeitung zum Zwecke der Kontaktaufnahme mit uns erfolgt nach Art. 6 Abs. 1 S. 1 lit. a DSGVO auf Grundlage Ihrer freiwillig erteilten Einwilligung.<\/p>\n\n\n\n<ol class=\"wp-block-list\" start=\"3\"><li>Weitergabe von Daten<\/li><\/ol>\n\n\n\n<p>Eine \u00dcbermittlung Ihrer pers\u00f6nlichen Daten an Dritte zu anderen als den im Folgenden aufgef\u00fchrten Zwecken findet nicht statt.<\/p>\n\n\n\n<p>Wir geben Ihre pers\u00f6nlichen Daten nur an Dritte weiter, wenn:<\/p>\n\n\n\n<p>\u2022 Sie Ihre nach Art. 6 Abs. 1 S. 1 lit. a DSGVO ausdr\u00fcckliche Einwilligung dazu erteilt haben, \u2022 die Weitergabe nach Art. 6 Abs. 1 S. 1 lit. f DSGVO zur Geltendmachung, Aus\u00fcbung oder Verteidigung von Rechtsanspr\u00fcchen erforderlich ist und kein Grund zur Annahme besteht, dass Sie ein \u00fcberwiegendes schutzw\u00fcrdiges Interesse an der Nichtweitergabe Ihrer Daten haben, \u2022 f\u00fcr den Fall, dass f\u00fcr die Weitergabe nach Art. 6 Abs. 1 S. 1 lit. c DSGVO eine gesetzliche Verpflichtung besteht, sowie \u2022 dies gesetzlich zul\u00e4ssig und nach Art. 6 Abs. 1 S. 1 lit. b DSGVO f\u00fcr die Abwicklung von Vertragsverh\u00e4ltnissen mit Ihnen erforderlich ist.<\/p>\n\n\n\n<ol class=\"wp-block-list\" start=\"4\"><li>Betroffenenrechte Sie haben das Recht:<\/li><\/ol>\n\n\n\n<p>\u2022 gem\u00e4\u00df Art. 15 DSGVO Auskunft \u00fcber Ihre von uns verarbeiteten personenbezogenen Daten zu verlangen. Insbesondere k\u00f6nnen Sie Auskunft \u00fcber die Verarbeitungszwecke, die Kategorie der personenbezogenen Daten, die Kategorien von Empf\u00e4ngern, gegen\u00fcber denen Ihre Daten offengelegt wurden oder werden, die geplante Speicherdauer, das Bestehen eines Rechts auf Berichtigung, L\u00f6schung, Einschr\u00e4nkung der Verarbeitung oder Widerspruch, das Bestehen eines Beschwerderechts, die Herkunft ihrer Daten, sofern diese nicht bei uns erhoben wurden, sowie \u00fcber das Bestehen einer automatisierten Entscheidungsfindung einschlie\u00dflich Profiling und ggf. aussagekr\u00e4ftigen Informationen zu deren Einzelheiten verlangen; \u2022 gem\u00e4\u00df Art. 16 DSGVO unverz\u00fcglich die Berichtigung unrichtiger oder Vervollst\u00e4ndigung Ihrer bei uns gespeicherten personenbezogenen Daten zu verlangen; \u2022 gem\u00e4\u00df Art. 17 DSGVO die L\u00f6schung Ihrer bei uns gespeicherten personenbezogenen Daten zu verlangen, soweit nicht die Verarbeitung zur Aus\u00fcbung des Rechts auf freie Meinungs\u00e4u\u00dferung und Information, zur Erf\u00fcllung einer rechtlichen Verpflichtung, aus Gr\u00fcnden des \u00f6ffentlichen Interesses oder zur Geltendmachung, Aus\u00fcbung oder Verteidigung von Rechtsanspr\u00fcchen erforderlich ist; \u2022 gem\u00e4\u00df Art. 18 DSGVO die Einschr\u00e4nkung der Verarbeitung Ihrer personenbezogenen Daten zu verlangen, soweit die Richtigkeit der Daten von Ihnen bestritten wird, die Verarbeitung unrechtm\u00e4\u00dfig ist, Sie aber deren L\u00f6schung ablehnen und wir die Daten nicht mehr ben\u00f6tigen, Sie jedoch diese zur Geltendmachung, Aus\u00fcbung oder Verteidigung von Rechtsanspr\u00fcchen ben\u00f6tigen oder Sie gem\u00e4\u00df Art. 21 DSGVO Widerspruch gegen die Verarbeitung eingelegt haben; \u2022 gem\u00e4\u00df Art. 20 DSGVO Ihre personenbezogenen Daten, die Sie uns bereitgestellt haben, in einem strukturierten, g\u00e4ngigen und maschinenlesebaren Format zu erhalten oder die \u00dcbermittlung an einen anderen Verantwortlichen zu verlangen; \u2022 gem\u00e4\u00df Art. 7 Abs. 3 DSGVO Ihre einmal erteilte Einwilligung jederzeit gegen\u00fcber uns zu widerrufen. Dies hat zur Folge, dass wir die Datenverarbeitung, die auf dieser Einwilligung beruhte, f\u00fcr die Zukunft nicht mehr fortf\u00fchren d\u00fcrfen und \u2022 gem\u00e4\u00df Art. 77 DSGVO sich bei einer Aufsichtsbeh\u00f6rde zu beschweren. In der Regel k\u00f6nnen Sie sich hierf\u00fcr an die Aufsichtsbeh\u00f6rde Ihres \u00fcblichen Aufenthaltsortes oder Arbeitsplatzes oder unseres Praxissitzes wenden.<\/p>\n\n\n\n<ol class=\"wp-block-list\" start=\"5\"><li>Widerspruchsrecht<\/li><\/ol>\n\n\n\n<p>Sofern Ihre personenbezogenen Daten auf Grundlage von berechtigten Interessen gem\u00e4\u00df Art. 6 Abs. 1 S. 1 lit. f DSGVO verarbeitet werden, haben Sie das Recht, gem\u00e4\u00df Art. 21 DSGVO Widerspruch gegen die Verarbeitung Ihrer personenbezogenen Daten einzulegen, soweit daf\u00fcr Gr\u00fcnde vorliegen, die sich aus Ihrer besonderen Situation ergeben oder sich der Widerspruch gegen Direktwerbung richtet. Im letzteren Fall haben Sie ein generelles Widerspruchsrecht, das ohne Angabe einer besonderen Situation von uns umgesetzt wird.<\/p>\n\n\n\n<p>M\u00f6chten Sie von Ihrem Widerrufs- oder Widerspruchsrecht Gebrauch machen, gen\u00fcgt eine E-Mail an: Siehe Impressum<\/p>\n\n\n\n<ol class=\"wp-block-list\" start=\"6\"><li>Datensicherheit<\/li><\/ol>\n\n\n\n<p>Wir verwenden innerhalb des Website-Besuchs das verbreitete SSL-Verfahren (Secure Socket Layer) in Verbindung mit der jeweils h\u00f6chsten Verschl\u00fcsselungsstufe, die von Ihrem Browser unterst\u00fctzt wird. In der Regel handelt es sich dabei um eine 256 Bit Verschl\u00fcsselung. Falls Ihr Browser keine 256-Bit Verschl\u00fcsselung unterst\u00fctzt, greifen wir stattdessen auf 128-Bit v3 Technologie zur\u00fcck. Ob eine einzelne Seite unseres Internetauftrittes verschl\u00fcsselt \u00fcbertragen wird, erkennen Sie an der geschlossenen Darstellung des Sch\u00fcssel- beziehungsweise Schloss-Symbols in der unteren Statusleiste Ihres Browsers.<\/p>\n\n\n\n<p>Wir bedienen uns im \u00dcbrigen geeigneter technischer und organisatorischer Sicherheitsma\u00dfnahmen, um Ihre Daten gegen zuf\u00e4llige oder vors\u00e4tzliche Manipulationen, teilweisen oder vollst\u00e4ndigen Verlust, Zerst\u00f6rung oder gegen den unbefugten Zugriff Dritter zu sch\u00fctzen. Unsere Sicherheitsma\u00dfnahmen werden entsprechend der technologischen Entwicklung fortlaufend verbessert.<\/p>\n\n\n\n<ol class=\"wp-block-list\" start=\"7\"><li>Aktualit\u00e4t und \u00c4nderung dieser Datenschutzerkl\u00e4rung<\/li><\/ol>\n\n\n\n<p>Diese Datenschutzerkl\u00e4rung ist aktuell g\u00fcltig und hat den Stand Oktober 2021.<\/p>\n\n\n\n<p>Durch die Weiterentwicklung unserer Website und Angebote dar\u00fcber oder aufgrund ge\u00e4nderter gesetzlicher beziehungsweise beh\u00f6rdlicher Vorgaben kann es notwendig werden, diese Datenschutzerkl\u00e4rung zu \u00e4ndern. Die jeweils aktuelle Datenschutzerkl\u00e4rung kann jederzeit auf der Website von Ihnen abgerufen und ausgedruckt werden.<\/p>\n","protected":false},"excerpt":{"rendered":"<p>Verantwortlich Dr. Sven Oelsner Zust\u00e4ndige Aufsichtsbeh\u00f6rde Ostdeutsche Psychotherapeutenkammer Kickerlingsberg 16, 04105 Leipzig www.opk-info.de Gesetzliche Berufsbezeichnung Psychologischer Psychotherapeut (Approbationsort und KV-Eintrag: Th\u00fcringen) Berufsrechtliche Regelungen Psychotherapeutengesetz PsychThG Berufsordnung f\u00fcr die Psychologischen Psychotherapeuten und Kinder- und Jugendlichenpsychotherapeuten BO-OPK Umsatzsteuer-Identifikationsnummer Psychotherapeutische Leistungen sind als Heilkunde nach \u00a7 4 Nr. 14 UStG umsatzsteuerfrei. F\u00fcr Beratung und Coaching sowie f\u00fcr Seminare<a class=\"read-more \" href=\"https:\/\/privatpraxis-dr-oelsner.de\/?page_id=376\" title=\"Read More\"> <span class=\"button default\">Read More<\/span><\/a><\/p>\n","protected":false},"author":1,"featured_media":0,"parent":0,"menu_order":0,"comment_status":"closed","ping_status":"closed","template":"","meta":{"footnotes":""},"class_list":["post-376","page","type-page","status-publish","hentry"],"_links":{"self":[{"href":"https:\/\/privatpraxis-dr-oelsner.de\/index.php?rest_route=\/wp\/v2\/pages\/376","targetHints":{"allow":["GET"]}}],"collection":[{"href":"https:\/\/privatpraxis-dr-oelsner.de\/index.php?rest_route=\/wp\/v2\/pages"}],"about":[{"href":"https:\/\/privatpraxis-dr-oelsner.de\/index.php?rest_route=\/wp\/v2\/types\/page"}],"author":[{"embeddable":true,"href":"https:\/\/privatpraxis-dr-oelsner.de\/index.php?rest_route=\/wp\/v2\/users\/1"}],"replies":[{"embeddable":true,"href":"https:\/\/privatpraxis-dr-oelsner.de\/index.php?rest_route=%2Fwp%2Fv2%2Fcomments&post=376"}],"version-history":[{"count":6,"href":"https:\/\/privatpraxis-dr-oelsner.de\/index.php?rest_route=\/wp\/v2\/pages\/376\/revisions"}],"predecessor-version":[{"id":563,"href":"https:\/\/privatpraxis-dr-oelsner.de\/index.php?rest_route=\/wp\/v2\/pages\/376\/revisions\/563"}],"wp:attachment":[{"href":"https:\/\/privatpraxis-dr-oelsner.de\/index.php?rest_route=%2Fwp%2Fv2%2Fmedia&parent=376"}],"curies":[{"name":"wp","href":"https:\/\/api.w.org\/{rel}","templated":true}]}}