{"id":122,"date":"2015-02-13T10:29:09","date_gmt":"2015-02-13T10:29:09","guid":{"rendered":"http:\/\/privatpraxis-dr-oelsner.de.w012dbbd.kasserver.com\/?page_id=122"},"modified":"2021-10-15T06:02:16","modified_gmt":"2021-10-15T06:02:16","slug":"unterseite","status":"publish","type":"page","link":"https:\/\/privatpraxis-dr-oelsner.de\/?page_id=122","title":{"rendered":"Psychotherapie"},"content":{"rendered":"<p style=\"text-align: right;\"><small><a href=\"http:\/\/privatpraxis-dr-oelsner.de.w012dbbd.kasserver.com\/\">Startseite<\/a><\/small><\/p>\n<p><a href=\"https:\/\/privatpraxis-dr-oelsner.de\/wp-content\/uploads\/2015\/02\/selfrespect.png\"><img loading=\"lazy\" decoding=\"async\" class=\"size-full wp-image-165 alignright\" src=\"https:\/\/privatpraxis-dr-oelsner.de\/wp-content\/uploads\/2015\/02\/selfrespect.png\" alt=\"\" width=\"350\" height=\"400\" \/><\/a>Psychotherapie bedeutet w\u00f6rtlich \u00fcbersetzt: Behandlung der Seele bzw. seelischer Probleme. Es geht dabei um die intensive Auseinandersetzung mit dem eigenen Denken, F\u00fchlen und Handeln. Diese Auseinandersetzung wird angeleitet von einem\/einer Psychotherapeuten\/in. Psychotherapie kann als Einzel-, <a href=\"https:\/\/www.jumpradio.de\/thema\/quicktipp\/paartherapie-beziehung-retten-beratung-trennung-100.html\">Paar<\/a>-,Familien- oder Gruppentherapie durchgef\u00fchrt werden<\/p>\n\n\n<p><strong>Warum Psychotherapie?<\/strong><\/p>\n\n\n\n<p>Wenn Sie: <\/p>\n\n\n\n<p>&#8230;&#8230; sehr \u00e4ngstlich sind und sich st\u00e4ndig Sorgen machen,<\/p>\n\n\n\n<p>&#8230; sehr niedergeschlagen sind und sich \u00fcber nichts mehr freuen k\u00f6nnen,<\/p>\n\n\n\n<p>&#8230; nicht mehr in der Lage sind, Ihre Alltagspflichten zu erledigen,<\/p>\n\n\n\n<p>&#8230; Sie zuviel Alkohol oder Tabletten zu sich nehmen,<\/p>\n\n\n\n<p>&#8230; unter Schmerzen, Schwindel, Schlafst\u00f6rungen oder sonstigen k\u00f6rperlichen Beschwerden leiden und Ihr Arzt keine Ursache feststellen kann,<\/p>\n\n\n\n<p>&#8230; versucht haben, sich selbst zu helfen, aber keinen Rat mehr wissen,<\/p>\n\n\n\n<p>&#8230; dann sollten Sie eine Psychotherapie beginnen.<\/p>\n\n\n\n<p><strong>Was kommt bei einer Verhaltenstherapie auf mich zu?<\/strong><\/p>\n\n\n\n<p>In der Verhaltenstherapie steht das aktuelle psychische Problem im Vordergrund. Mit Hilfe des Therapeuten k\u00f6nnen Patient\/innen neue Denk- und Verhaltensweisen erlernen, die sie bef\u00e4higen, das Problem zu bew\u00e4ltigen. Unsere Methoden sind wissenschaftlich belegt und vielfach mit Erfolg angewandt worden. <\/p>\n\n\n\n<p><strong>Ablauf einer Verhaltenstherapie: <\/strong><\/p>\n\n\n\n<p>\u2022 Sie besprechen mit dem\/der Therapeuten\/in ihr Problem.<\/p>\n\n\n\n<p>\u2022 Der Therapeut stellt eine Diagnose und macht einen Behandlungsplan. Es sagt Ihnen, wie lange die Behandlung voraussichtlich dauern wird.<\/p>\n\n\n\n<p>\u2022 Sie legen gemeinsam die H\u00e4ufigkeit Ihrer Besuche beim Psychotherapeuten fest undvereinbaren die Termine.<\/p>\n\n\n\n<p>\u2022 Sie sprechen gemeinsam \u00fcber die Ziele, die mit der Therapie erreicht werden sollen<\/p>\n\n\n\n<p>                                                                                                  <em><sub>Quelle: http:\/\/www.dgvt.de<\/sub><\/em><\/p>\n","protected":false},"excerpt":{"rendered":"<p>Startseite Psychotherapie bedeutet w\u00f6rtlich \u00fcbersetzt: Behandlung der Seele bzw. seelischer Probleme. Es geht dabei um die intensive Auseinandersetzung mit dem eigenen Denken, F\u00fchlen und Handeln. Diese Auseinandersetzung wird angeleitet von einem\/einer Psychotherapeuten\/in. Psychotherapie kann als Einzel-, Paar-,Familien- oder Gruppentherapie durchgef\u00fchrt werden Warum Psychotherapie? Wenn Sie: &#8230;&#8230; sehr \u00e4ngstlich sind und sich st\u00e4ndig Sorgen machen, &#8230;<a class=\"read-more \" href=\"https:\/\/privatpraxis-dr-oelsner.de\/?page_id=122\" title=\"Read More\"> <span class=\"button default\">Read More<\/span><\/a><\/p>\n","protected":false},"author":1,"featured_media":0,"parent":106,"menu_order":0,"comment_status":"closed","ping_status":"closed","template":"","meta":{"footnotes":""},"class_list":["post-122","page","type-page","status-publish","hentry"],"_links":{"self":[{"href":"https:\/\/privatpraxis-dr-oelsner.de\/index.php?rest_route=\/wp\/v2\/pages\/122","targetHints":{"allow":["GET"]}}],"collection":[{"href":"https:\/\/privatpraxis-dr-oelsner.de\/index.php?rest_route=\/wp\/v2\/pages"}],"about":[{"href":"https:\/\/privatpraxis-dr-oelsner.de\/index.php?rest_route=\/wp\/v2\/types\/page"}],"author":[{"embeddable":true,"href":"https:\/\/privatpraxis-dr-oelsner.de\/index.php?rest_route=\/wp\/v2\/users\/1"}],"replies":[{"embeddable":true,"href":"https:\/\/privatpraxis-dr-oelsner.de\/index.php?rest_route=%2Fwp%2Fv2%2Fcomments&post=122"}],"version-history":[{"count":26,"href":"https:\/\/privatpraxis-dr-oelsner.de\/index.php?rest_route=\/wp\/v2\/pages\/122\/revisions"}],"predecessor-version":[{"id":552,"href":"https:\/\/privatpraxis-dr-oelsner.de\/index.php?rest_route=\/wp\/v2\/pages\/122\/revisions\/552"}],"up":[{"embeddable":true,"href":"https:\/\/privatpraxis-dr-oelsner.de\/index.php?rest_route=\/wp\/v2\/pages\/106"}],"wp:attachment":[{"href":"https:\/\/privatpraxis-dr-oelsner.de\/index.php?rest_route=%2Fwp%2Fv2%2Fmedia&parent=122"}],"curies":[{"name":"wp","href":"https:\/\/api.w.org\/{rel}","templated":true}]}}